{"id":28354,"date":"2025-05-02T13:38:58","date_gmt":"2025-05-02T17:38:58","guid":{"rendered":"https:\/\/teachonlinecn.wpengine.com\/about-us\/"},"modified":"2025-09-22T11:01:45","modified_gmt":"2025-09-22T15:01:45","slug":"notre-sujet","status":"publish","type":"page","link":"https:\/\/teachonline.ca\/fr\/notre-sujet\/","title":{"rendered":"\u00c0 Notre Sujet"},"content":{"rendered":"\t\t<div data-elementor-type=\"wp-page\" data-elementor-id=\"28354\" class=\"elementor elementor-28354 elementor-28351\" data-elementor-post-type=\"page\">\n\t\t\t\t\t\t<section class=\"elementor-section elementor-top-section elementor-element elementor-element-9a0603d elementor-section-boxed elementor-section-height-default elementor-section-height-default\" data-id=\"9a0603d\" data-element_type=\"section\">\n\t\t\t\t\t\t<div class=\"elementor-container elementor-column-gap-default\">\n\t\t\t\t\t<div class=\"elementor-column elementor-col-100 elementor-top-column elementor-element elementor-element-be68632\" data-id=\"be68632\" data-element_type=\"column\">\n\t\t\t<div class=\"elementor-widget-wrap elementor-element-populated\">\n\t\t\t\t\t\t<div class=\"elementor-element elementor-element-098d8fb elementor-widget elementor-widget-heading\" data-id=\"098d8fb\" data-element_type=\"widget\" data-widget_type=\"heading.default\">\n\t\t\t\t<div class=\"elementor-widget-container\">\n\t\t\t\t\t<h2 class=\"elementor-heading-title elementor-size-default\">Au sujet de Teachonline.ca<\/h2>\t\t\t\t<\/div>\n\t\t\t\t<\/div>\n\t\t\t\t<div class=\"elementor-element elementor-element-96fa3eb elementor-widget elementor-widget-text-editor\" data-id=\"96fa3eb\" data-element_type=\"widget\" data-widget_type=\"text-editor.default\">\n\t\t\t\t<div class=\"elementor-widget-container\">\n\t\t\t\t\t\t\t\t\t<p><a href=\"\/\" target=\"_blank\" rel=\"noopener\">teachonline.ca<\/a> a \u00e9t\u00e9 lanc\u00e9 en 2010 en tant que ressource afin que le corps professoral et les instructrices et instructeurs du secteur postsecondaire en Ontario trouvent les r\u00e9centes informations sur les nouvelles technologies et les nouveaux d\u00e9veloppements en apprentissage en ligne, ainsi que des outils et des ressources pour les aider \u00e0 int\u00e9grer la technologie dans leur enseignement en vue d\u2019am\u00e9liorer l\u2019exp\u00e9rience d\u2019apprentissage de leurs \u00e9tudiantes et \u00e9tudiants.<\/p><p><a href=\"\/\" target=\"_blank\" rel=\"noopener\">teachonline.ca<\/a> offre au corps professoral et les instructrices et instructeurs acc\u00e8s\u00a0:<\/p><ul><li>Un portrait des\u00a0<a href=\"\/tools-trends\/articles\/220-pockets-of-innovation-in-online-learning\/\">220 grappes d\u2019innovation<\/a>\u00a0qui permettent de d\u00e9couvrir ce que le personnel des coll\u00e8ges et universit\u00e9s publics et des \u00e9tablissements autochtones en Ontario, des coll\u00e8ges et universit\u00e9s au Canada et dans le monde r\u00e9ussi pour am\u00e9liorer et accro\u00eetre l\u2019apprentissage chez les \u00e9tudiantes et \u00e9tudiants gr\u00e2ce aux outils d\u2019apprentissage en ligne et hybrides.<\/li><li>\u00c0 une collection d\u2019analyses, de commentaires, de ressources et de conseils pratiques, qui font le suivi des\u00a0<a href=\"\/tools-trends\/\">tendances et des outils\u00a0<\/a>les plus r\u00e9cents dans l\u2019apprentissage en ligne en Ontario, au Canada et dans le monde entier;<\/li><li><a href=\"\/resources\/\">Formation et ressources \u00e0 l\u2019intention des instructeurs et instructrices<\/a>\u00a0qui renseignent quant \u00e0 l\u2019usage efficace des plateformes de vid\u00e9oconf\u00e9rence et de conf\u00e9rence Web.<\/li><li>\u00c0 une s\u00e9rie grandissante de\u00a0<a href=\"\/webinars\/\">webinaires<\/a>\u00a0dans lesquels des experts praticiens traitent des enjeux les plus importants pour le personnel enseignant et de formation, et offrent des conseils sp\u00e9cialis\u00e9s, des lignes directrices et des avertissements sur la p\u00e9dagogie, la technologie et l&rsquo;apprentissage en ligne;<\/li><li>Un large \u00e9ventail de\u00a0<a href=\"\/resources\/\">ressources pour la formation et le perfectionnement professionnel<\/a>\u00a0fourni par Contact North | Contact Nord et disponible sur les sites Web des coll\u00e8ges et universit\u00e9s en Ontario.<\/li><li>\u00c0 une\u00a0<a href=\"\/tools-trends\/searchable-directories\/upcoming-conferences\/\">liste actualis\u00e9e p\u00e9riodiquement de conf\u00e9rences partout dans le monde<\/a>\u00a0qui se concentre sur la technologie \u00e9ducative et sur l\u2019enseignement.<\/li><li>7 r\u00e9pertoires de recherche fournissant des renseignements complets et \u00e0 jour sur les fournisseurs de technologie, les chercheurs canadiens, les revues, les associations et plus encore.<\/li><li><a href=\"\/tools-trends\/searchable-directories\/must-read-books-on-online-learning\/\">Lectures essentielles<\/a>\u00a0pour celles et ceux qui s\u2019int\u00e9ressent \u00e0 l\u2019\u00e9volution et aux avanc\u00e9es en mati\u00e8re d\u2019apprentissage en ligne.<\/li><li>Num\u00e9ros pr\u00e9c\u00e9dents du\u00a0<a href=\"\/fr\/oln\/\">Bulletin de l\u2019apprentissage en ligne<\/a><\/li><\/ul>\t\t\t\t\t\t\t\t<\/div>\n\t\t\t\t<\/div>\n\t\t\t\t\t<\/div>\n\t\t<\/div>\n\t\t\t\t\t<\/div>\n\t\t<\/section>\n\t\t\t\t<\/div>\n\t\t","protected":false},"excerpt":{"rendered":"<p>Au sujet de Teachonline.ca teachonline.ca a \u00e9t\u00e9 lanc\u00e9 en 2010 en tant que ressource afin que le corps professoral et les instructrices et instructeurs du secteur postsecondaire en Ontario trouvent les r\u00e9centes informations sur les nouvelles technologies et les nouveaux d\u00e9veloppements en apprentissage en ligne, ainsi que des outils et des ressources pour les aider [&hellip;]<\/p>\n","protected":false},"author":11,"featured_media":0,"parent":0,"menu_order":0,"comment_status":"closed","ping_status":"closed","template":"","meta":{"_acf_changed":false,"footnotes":""},"class_list":["post-28354","page","type-page","status-publish","hentry"],"acf":[],"aioseo_notices":[],"_links":{"self":[{"href":"https:\/\/teachonline.ca\/fr\/wp-json\/wp\/v2\/pages\/28354","targetHints":{"allow":["GET"]}}],"collection":[{"href":"https:\/\/teachonline.ca\/fr\/wp-json\/wp\/v2\/pages"}],"about":[{"href":"https:\/\/teachonline.ca\/fr\/wp-json\/wp\/v2\/types\/page"}],"author":[{"embeddable":true,"href":"https:\/\/teachonline.ca\/fr\/wp-json\/wp\/v2\/users\/11"}],"replies":[{"embeddable":true,"href":"https:\/\/teachonline.ca\/fr\/wp-json\/wp\/v2\/comments?post=28354"}],"version-history":[{"count":0,"href":"https:\/\/teachonline.ca\/fr\/wp-json\/wp\/v2\/pages\/28354\/revisions"}],"wp:attachment":[{"href":"https:\/\/teachonline.ca\/fr\/wp-json\/wp\/v2\/media?parent=28354"}],"curies":[{"name":"wp","href":"https:\/\/api.w.org\/{rel}","templated":true}]}}