{"id":28367,"date":"2025-05-02T14:59:31","date_gmt":"2025-05-02T18:59:31","guid":{"rendered":"https:\/\/teachonlinecn.wpengine.com\/accessibility\/"},"modified":"2025-05-02T15:03:44","modified_gmt":"2025-05-02T19:03:44","slug":"accessibilite","status":"publish","type":"page","link":"https:\/\/teachonline.ca\/fr\/accessibilite\/","title":{"rendered":"Accessibilit\u00e9"},"content":{"rendered":"\t\t<div data-elementor-type=\"wp-page\" data-elementor-id=\"28367\" class=\"elementor elementor-28367 elementor-28366\" data-elementor-post-type=\"page\">\n\t\t\t\t\t\t<section class=\"elementor-section elementor-top-section elementor-element elementor-element-fb4c061 elementor-section-boxed elementor-section-height-default elementor-section-height-default\" data-id=\"fb4c061\" data-element_type=\"section\" data-e-type=\"section\">\n\t\t\t\t\t\t<div class=\"elementor-container elementor-column-gap-default\">\n\t\t\t\t\t<div class=\"elementor-column elementor-col-100 elementor-top-column elementor-element elementor-element-dcd4be5\" data-id=\"dcd4be5\" data-element_type=\"column\" data-e-type=\"column\">\n\t\t\t<div class=\"elementor-widget-wrap elementor-element-populated\">\n\t\t\t\t\t\t<div class=\"elementor-element elementor-element-9082b8a elementor-widget elementor-widget-heading\" data-id=\"9082b8a\" data-element_type=\"widget\" data-e-type=\"widget\" data-widget_type=\"heading.default\">\n\t\t\t\t<div class=\"elementor-widget-container\">\n\t\t\t\t\t<h2 class=\"elementor-heading-title elementor-size-default\">Contact North | Contact Nord Accessibilit\u00e9<\/h2>\t\t\t\t<\/div>\n\t\t\t\t<\/div>\n\t\t\t\t<div class=\"elementor-element elementor-element-3247af3 elementor-widget elementor-widget-text-editor\" data-id=\"3247af3\" data-element_type=\"widget\" data-e-type=\"widget\" data-widget_type=\"text-editor.default\">\n\t\t\t\t<div class=\"elementor-widget-container\">\n\t\t\t\t\t\t\t\t\t<p>Contact North | Contact Nord soutient l\u2019inclusion enti\u00e8re des personnes handicap\u00e9es comme il est \u00e9nonc\u00e9 dans le Code des droits de la personne de l\u2019Ontario (le \u00ab Code \u00bb) et la Loi de 2005 sur l&rsquo;accessibilit\u00e9 pour les personnes handicap\u00e9es de l&rsquo;Ontario (la \u00ab LAPHO \u00bb).<\/p>\t\t\t\t\t\t\t\t<\/div>\n\t\t\t\t<\/div>\n\t\t\t\t\t<\/div>\n\t\t<\/div>\n\t\t\t\t\t<\/div>\n\t\t<\/section>\n\t\t\t\t<\/div>\n\t\t","protected":false},"excerpt":{"rendered":"<p>Contact North | Contact Nord Accessibilit\u00e9 Contact North | Contact Nord soutient l\u2019inclusion enti\u00e8re des personnes handicap\u00e9es comme il est \u00e9nonc\u00e9 dans le Code des droits de la personne de l\u2019Ontario (le \u00ab Code \u00bb) et la Loi de 2005 sur l&rsquo;accessibilit\u00e9 pour les personnes handicap\u00e9es de l&rsquo;Ontario (la \u00ab LAPHO \u00bb).<\/p>\n","protected":false},"author":11,"featured_media":0,"parent":0,"menu_order":0,"comment_status":"closed","ping_status":"closed","template":"","meta":{"_acf_changed":false,"footnotes":""},"class_list":["post-28367","page","type-page","status-publish","hentry"],"acf":[],"aioseo_notices":[],"_links":{"self":[{"href":"https:\/\/teachonline.ca\/fr\/wp-json\/wp\/v2\/pages\/28367","targetHints":{"allow":["GET"]}}],"collection":[{"href":"https:\/\/teachonline.ca\/fr\/wp-json\/wp\/v2\/pages"}],"about":[{"href":"https:\/\/teachonline.ca\/fr\/wp-json\/wp\/v2\/types\/page"}],"author":[{"embeddable":true,"href":"https:\/\/teachonline.ca\/fr\/wp-json\/wp\/v2\/users\/11"}],"replies":[{"embeddable":true,"href":"https:\/\/teachonline.ca\/fr\/wp-json\/wp\/v2\/comments?post=28367"}],"version-history":[{"count":0,"href":"https:\/\/teachonline.ca\/fr\/wp-json\/wp\/v2\/pages\/28367\/revisions"}],"wp:attachment":[{"href":"https:\/\/teachonline.ca\/fr\/wp-json\/wp\/v2\/media?parent=28367"}],"curies":[{"name":"wp","href":"https:\/\/api.w.org\/{rel}","templated":true}]}}