{"id":28372,"date":"2025-05-02T16:02:03","date_gmt":"2025-05-02T20:02:03","guid":{"rendered":"https:\/\/teachonlinecn.wpengine.com\/disclaimer\/"},"modified":"2025-05-02T16:04:46","modified_gmt":"2025-05-02T20:04:46","slug":"avertissement","status":"publish","type":"page","link":"https:\/\/teachonline.ca\/fr\/avertissement\/","title":{"rendered":"Avertissement"},"content":{"rendered":"\t\t<div data-elementor-type=\"wp-page\" data-elementor-id=\"28372\" class=\"elementor elementor-28372 elementor-28371\" data-elementor-post-type=\"page\">\n\t\t\t\t\t\t<section class=\"elementor-section elementor-top-section elementor-element elementor-element-7b5033a elementor-section-boxed elementor-section-height-default elementor-section-height-default\" data-id=\"7b5033a\" data-element_type=\"section\" data-e-type=\"section\">\n\t\t\t\t\t\t<div class=\"elementor-container elementor-column-gap-default\">\n\t\t\t\t\t<div class=\"elementor-column elementor-col-100 elementor-top-column elementor-element elementor-element-8298f66\" data-id=\"8298f66\" data-element_type=\"column\" data-e-type=\"column\">\n\t\t\t<div class=\"elementor-widget-wrap elementor-element-populated\">\n\t\t\t\t\t\t<div class=\"elementor-element elementor-element-c829f2f elementor-widget elementor-widget-text-editor\" data-id=\"c829f2f\" data-element_type=\"widget\" data-e-type=\"widget\" data-widget_type=\"text-editor.default\">\n\t\t\t\t<div class=\"elementor-widget-container\">\n\t\t\t\t\t\t\t\t\t<p>Le contenu de ce site Web est cr\u00e9\u00e9 et mis \u00e0 jour par le personnel de Contact North | Contact Nord.\u00a0Malgr\u00e9 tous les efforts raisonnables qui sont d\u00e9ploy\u00e9s afin de pr\u00e9senter des renseignements complets et exacts, il nous est impossible de garantir l\u2019exactitude et l\u2019exhaustivit\u00e9 de l\u2019information pr\u00e9sent\u00e9e sur ce site Web. Contact North | Contact Nord et les partenaires en \u00e9ducation participants se r\u00e9servent donc explicitement le droit de s\u2019\u00e9carter, en tout ou en partie, du contenu de ce site Web.\u00a0Sans se limiter \u00e0 la g\u00e9n\u00e9ralit\u00e9 de ce qui pr\u00e9c\u00e8de, cela peut inclure des modifications des programmes, des cours, des frais, des r\u00e8glements et des politiques ou des horaires.\u00a0Ni Contact North | Contact Nord ni les partenaires en \u00e9ducation participants ne peuvent \u00eatre tenus responsables de tout pr\u00e9judice, inexactitude ou perte d\u00e9coulant de l\u2019utilisation de l\u2019information qui provient de ce site Web ou de la confiance accord\u00e9e \u00e0 celle-ci.<\/p>\n<h2><strong>Contenus ext\u00e9rieurs<\/strong><\/h2>\n<p>Ce site Web contient des liens vers plusieurs autres sites Web.\u00a0Tous les liens sont fournis sans aucune garantie que l\u2019information pr\u00e9sent\u00e9e dans les sites Web ext\u00e9rieurs est exacte ou compl\u00e8te. Contact North | Contact Nord et les partenaires en \u00e9ducation participants n\u2019ont aucun droit de regard sur le contenu, les activit\u00e9s, la politique de s\u00e9curit\u00e9 ou la politique de confidentialit\u00e9 de ces sites Web ext\u00e9rieurs et ne sont d\u2019aucune mani\u00e8re responsables de tout renseignement qui y est pr\u00e9sent\u00e9. Contact North | Contact Nord ne garantit pas l\u2019exactitude, la fiabilit\u00e9 ni l\u2019\u00e0-propos de toute information affich\u00e9e sur des sites ind\u00e9pendants et n\u2019avalise pas non plus aucun contenu, point de vue, produit ni service li\u00e9s \u00e0 ce site.\u00a0Bien que nous d\u00e9ployions tous les efforts raisonnables afin de fournir des fichiers d\u00e9nu\u00e9s de virus, nous ne pouvons pas garantir que des fichiers ne soient pas non corrompus.<\/p>\n<h2><strong>Droit d\u2019auteur et copyright<\/strong><\/h2>\n<p>Toute l\u2019information de ce site Web est prot\u00e9g\u00e9e par le droit d\u2019auteur, et\u00a0le d\u00e9tenteur du copyright est Contact North | Contact Nord.\u00a0Il n\u2019est pas permis de faire des changements ou des ajouts au contenu se trouvant sur ce site.\u00a0Toutefois, le t\u00e9l\u00e9chargement ou la copie sur un disque dur local \u00e0 des fins d\u2019utilisation personnelle sont permis.\u00a0Le contenu de ce site Web ne peut pas \u00eatre copi\u00e9, incorpor\u00e9 ni stock\u00e9 de quelque fa\u00e7on que ce soit et sous aucune forme dans tout autre site Web ou syst\u00e8me de r\u00e9cup\u00e9ration \u00e9lectronique, toute autre publication ou tout autre ouvrage sous aucune forme, sans le consentement \u00e9crit pr\u00e9alable de Contact North | Contact Nord.<\/p>\t\t\t\t\t\t\t\t<\/div>\n\t\t\t\t<\/div>\n\t\t\t\t\t<\/div>\n\t\t<\/div>\n\t\t\t\t\t<\/div>\n\t\t<\/section>\n\t\t\t\t<\/div>\n\t\t","protected":false},"excerpt":{"rendered":"<p>Le contenu de ce site Web est cr\u00e9\u00e9 et mis \u00e0 jour par le personnel de Contact North | Contact Nord.\u00a0Malgr\u00e9 tous les efforts raisonnables qui sont d\u00e9ploy\u00e9s afin de pr\u00e9senter des renseignements complets et exacts, il nous est impossible de garantir l\u2019exactitude et l\u2019exhaustivit\u00e9 de l\u2019information pr\u00e9sent\u00e9e sur ce site Web. Contact North | [&hellip;]<\/p>\n","protected":false},"author":11,"featured_media":0,"parent":0,"menu_order":0,"comment_status":"closed","ping_status":"closed","template":"","meta":{"_acf_changed":false,"footnotes":""},"class_list":["post-28372","page","type-page","status-publish","hentry"],"acf":[],"aioseo_notices":[],"_links":{"self":[{"href":"https:\/\/teachonline.ca\/fr\/wp-json\/wp\/v2\/pages\/28372","targetHints":{"allow":["GET"]}}],"collection":[{"href":"https:\/\/teachonline.ca\/fr\/wp-json\/wp\/v2\/pages"}],"about":[{"href":"https:\/\/teachonline.ca\/fr\/wp-json\/wp\/v2\/types\/page"}],"author":[{"embeddable":true,"href":"https:\/\/teachonline.ca\/fr\/wp-json\/wp\/v2\/users\/11"}],"replies":[{"embeddable":true,"href":"https:\/\/teachonline.ca\/fr\/wp-json\/wp\/v2\/comments?post=28372"}],"version-history":[{"count":0,"href":"https:\/\/teachonline.ca\/fr\/wp-json\/wp\/v2\/pages\/28372\/revisions"}],"wp:attachment":[{"href":"https:\/\/teachonline.ca\/fr\/wp-json\/wp\/v2\/media?parent=28372"}],"curies":[{"name":"wp","href":"https:\/\/api.w.org\/{rel}","templated":true}]}}